{"id":639,"date":"2022-02-11T00:12:35","date_gmt":"2022-02-11T00:12:35","guid":{"rendered":"https:\/\/nctrainingonline.com\/pagina-principal\/"},"modified":"2022-08-10T17:16:32","modified_gmt":"2022-08-10T17:16:32","slug":"pagina-principal","status":"publish","type":"page","link":"https:\/\/nctrainingonline.com\/es\/","title":{"rendered":"P\u00e1gina principal"},"content":{"rendered":"<p>[et_pb_section fb_built=&#8221;1&#8243; _builder_version=&#8221;4.14.7&#8243; _module_preset=&#8221;default&#8221; use_background_color_gradient=&#8221;on&#8221; background_color_gradient_start=&#8221;rgba(43,135,218,0.47)&#8221; background_color_gradient_end=&#8221;rgba(255,255,255,0.81)&#8221; background_color_gradient_direction=&#8221;90deg&#8221; background_color_gradient_overlays_image=&#8221;on&#8221; background_image=&#8221;https:\/\/nctrainingonline.com\/wp-content\/uploads\/2022\/01\/Untitled-2.jpg&#8221; height=&#8221;250px&#8221; max_height=&#8221;250px&#8221; global_colors_info=&#8221;{}&#8221;][et_pb_row _builder_version=&#8221;4.15&#8243; _module_preset=&#8221;default&#8221; global_colors_info=&#8221;{}&#8221;][et_pb_column type=&#8221;4_4&#8243; _builder_version=&#8221;4.15&#8243; _module_preset=&#8221;default&#8221; global_colors_info=&#8221;{}&#8221;][et_pb_text _builder_version=&#8221;4.15&#8243; _module_preset=&#8221;default&#8221; header_text_align=&#8221;right&#8221; header_text_color=&#8221;#283890&#8243; header_line_height=&#8221;1.1em&#8221; global_colors_info=&#8221;{}&#8221;]<\/p>\n<h1>la carolina del norte<br \/>Programa de entrenamiento<\/h1>\n<p>[\/et_pb_text][\/et_pb_column][\/et_pb_row][\/et_pb_section][et_pb_section fb_built=&#8221;1&#8243; module_id=&#8221;sobre-nctrainingonline&#8221; _builder_version=&#8221;4.15&#8243; _module_preset=&#8221;default&#8221; global_colors_info=&#8221;{}&#8221;][et_pb_row _builder_version=&#8221;4.15&#8243; _module_preset=&#8221;default&#8221; width=&#8221;85%&#8221; max_width=&#8221;85%&#8221; global_colors_info=&#8221;{}&#8221;][et_pb_column type=&#8221;4_4&#8243; _builder_version=&#8221;4.15&#8243; _module_preset=&#8221;default&#8221; global_colors_info=&#8221;{}&#8221;][et_pb_text _builder_version=&#8221;4.15&#8243; _module_preset=&#8221;default&#8221; header_font=&#8221;Exo|900|||||||&#8221; header_text_align=&#8221;center&#8221; header_text_color=&#8221;#283890&#8243; global_colors_info=&#8221;{}&#8221;]<\/p>\n<h1>&#8211; Sobre nosotros &#8211;<\/h1>\n<p>[\/et_pb_text][et_pb_text _builder_version=&#8221;4.15&#8243; _module_preset=&#8221;default&#8221; text_font=&#8221;Asap Condensed||||||||&#8221; text_font_size=&#8221;24px&#8221; text_letter_spacing=&#8221;1px&#8221; text_line_height=&#8221;1.2em&#8221; background_color=&#8221;#f7f7f7&#8243; text_orientation=&#8221;center&#8221; custom_padding=&#8221;27px|17px|27px|17px|true|true&#8221; global_colors_info=&#8221;{}&#8221;]<\/p>\n<p>Este curso es presentado por el<span> <\/span><a href=\"https:\/\/www.nc.gov\/services\/alcohol-law-enforcement\" title=\"https:\/\/www.nc.gov\/services\/alcohol-law-enforcement\" target=\"_blank\" rel=\"noopener\">Divisi\u00f3n de Cumplimiento de la Ley de Alcohol de Carolina del Norte<\/a><span role=\"img\" aria-label=\"Opens in a new window\" class=\"glyphicon glyphicon-new-window\"><\/span><span> <\/span>y el<span> <\/span><a href=\"https:\/\/www.ncdhhs.gov\/divisions\/mhddsas\" title=\"https:\/\/www.ncdhhs.gov\/divisions\/mhddsas\" target=\"_blank\" rel=\"noopener\">Departamento de Salud y Servicios Humanos de Carolina del Norte; Divisi\u00f3n de MH-DD-SAS, Secci\u00f3n de Bienestar Comunitario, Prevenci\u00f3n e Integraci\u00f3n de la Salud<\/a><span role=\"img\" aria-label=\"Opens in a new window\" class=\"glyphicon glyphicon-new-window\"><\/span> .<\/p>\n<p>Juntos, le agradecemos por tomarse el tiempo de completar este entrenamiento y por ayudar a mejorar la salud y el bienestar de la juventud de Carolina del Norte.<\/p>\n<p>[\/et_pb_text][\/et_pb_column][\/et_pb_row][\/et_pb_section][et_pb_section fb_built=&#8221;1&#8243; _builder_version=&#8221;4.15.0&#8243; _module_preset=&#8221;default&#8221; use_background_color_gradient=&#8221;on&#8221; background_color_gradient_start=&#8221;#283890&#8243; background_color_gradient_end=&#8221;#2b7daf&#8221; background_color_gradient_direction=&#8221;90deg&#8221; display_conditions=&#8221;W3siaWQiOiI5NjE0NDZjNC0yODdjLTQ3MWMtYWJjMS02ZDlmMzE2YTBkNjUiLCJjb25kaXRpb24iOiJsb2dnZWRJblN0YXR1cyIsImNvbmRpdGlvblNldHRpbmdzIjp7ImRpc3BsYXlSdWxlIjoibG9nZ2VkT3V0IiwiYWRtaW5MYWJlbCI6IkxvZ2dlZCBJbiBTdGF0dXMiLCJlbmFibGVDb25kaXRpb24iOiJvbiJ9LCJvcGVyYXRvciI6Ik9SIn1d&#8221; custom_padding=&#8221;0px||0px||true|false&#8221; global_colors_info=&#8221;{}&#8221;][et_pb_row _builder_version=&#8221;4.15&#8243; _module_preset=&#8221;default&#8221; global_colors_info=&#8221;{}&#8221;][et_pb_column type=&#8221;4_4&#8243; _builder_version=&#8221;4.15&#8243; _module_preset=&#8221;default&#8221; global_colors_info=&#8221;{}&#8221;][et_pb_text _builder_version=&#8221;4.15.0&#8243; _module_preset=&#8221;default&#8221; header_2_font=&#8221;Exo|900|||||||&#8221; header_2_text_align=&#8221;center&#8221; header_2_text_color=&#8221;#FFFFFF&#8221; hover_enabled=&#8221;0&#8243; header_2_text_align_tablet=&#8221;center&#8221; header_2_text_align_phone=&#8221;center&#8221; header_2_text_align_last_edited=&#8221;on|desktop&#8221; header_2_font_size_tablet=&#8221;&#8221; header_2_font_size_phone=&#8221;&#8221; header_2_font_size_last_edited=&#8221;on|desktop&#8221; global_colors_info=&#8221;{}&#8221; sticky_enabled=&#8221;0&#8243;]<\/p>\n<h2>\u00a1Reg\u00edstrate ahora para tomar nuestros cursos!<\/h2>\n<p>[\/et_pb_text][et_pb_button button_url=&#8221;@ET-DC@eyJkeW5hbWljIjp0cnVlLCJjb250ZW50IjoicG9zdF9saW5rX3VybF9wYWdlIiwic2V0dGluZ3MiOnsicG9zdF9pZCI6IjE1OCJ9fQ==@&#8221; button_text=&#8221;Registrarse&#8221; button_alignment=&#8221;center&#8221; _builder_version=&#8221;4.15.0&#8243; _dynamic_attributes=&#8221;button_url&#8221; _module_preset=&#8221;default&#8221; custom_button=&#8221;on&#8221; button_text_size=&#8221;20px&#8221; button_text_color=&#8221;#FFFFFF&#8221; button_bg_color=&#8221;#fbb13c&#8221; button_border_color=&#8221;#fbb13c&#8221; button_border_radius=&#8221;30px&#8221; button_font=&#8221;Exo|900|||||||&#8221; button_text_size_tablet=&#8221;2vw&#8221; button_text_size_phone=&#8221;4vw&#8221; button_text_size_last_edited=&#8221;on|phone&#8221; global_colors_info=&#8221;{}&#8221; button_border_color__hover_enabled=&#8221;on|hover&#8221; button_border_color__hover=&#8221;#fbb13c&#8221; button_bg_color__hover_enabled=&#8221;on|hover&#8221; button_bg_color__hover=&#8221;#fbb13c&#8221; button_bg_enable_color__hover=&#8221;on&#8221;][\/et_pb_button][\/et_pb_column][\/et_pb_row][\/et_pb_section][et_pb_section fb_built=&#8221;1&#8243; _builder_version=&#8221;4.15&#8243; _module_preset=&#8221;default&#8221; global_colors_info=&#8221;{}&#8221;][et_pb_row _builder_version=&#8221;4.15&#8243; _module_preset=&#8221;default&#8221; width=&#8221;85%&#8221; max_width=&#8221;85%&#8221; global_colors_info=&#8221;{}&#8221;][et_pb_column type=&#8221;4_4&#8243; _builder_version=&#8221;4.15&#8243; _module_preset=&#8221;default&#8221; global_colors_info=&#8221;{}&#8221;][et_pb_text _builder_version=&#8221;4.15&#8243; _module_preset=&#8221;default&#8221; header_font=&#8221;Exo|900|||||||&#8221; header_text_align=&#8221;center&#8221; header_text_color=&#8221;#283890&#8243; global_colors_info=&#8221;{}&#8221;]<\/p>\n<h1>&#8211; Nuestros Cursos &#8211;<\/h1>\n<p>[\/et_pb_text][\/et_pb_column][\/et_pb_row][et_pb_row column_structure=&#8221;1_3,1_3,1_3&#8243; use_custom_gutter=&#8221;on&#8221; gutter_width=&#8221;2&#8243; _builder_version=&#8221;4.15&#8243; _module_preset=&#8221;default&#8221; width=&#8221;90%&#8221; width_tablet=&#8221;90%&#8221; width_phone=&#8221;90%&#8221; width_last_edited=&#8221;on|desktop&#8221; max_width=&#8221;90%&#8221; max_width_tablet=&#8221;90%&#8221; max_width_phone=&#8221;90%&#8221; max_width_last_edited=&#8221;on|desktop&#8221; global_colors_info=&#8221;{}&#8221;][et_pb_column type=&#8221;1_3&#8243; _builder_version=&#8221;4.15&#8243; _module_preset=&#8221;default&#8221; global_colors_info=&#8221;{}&#8221;][\/et_pb_column][et_pb_column type=&#8221;1_3&#8243; _builder_version=&#8221;4.15&#8243; _module_preset=&#8221;default&#8221; global_colors_info=&#8221;{}&#8221;][et_pb_cta title=&#8221;Capacitaci\u00f3n para minoristas de tabaco de Carolina del Norte&#8221; button_url=&#8221;https:\/\/nctrainingonline.com\/es\/courses\/capacitacion-para-minoristas-de-tabaco-de-carolina-del-norte\/&#8221; url_new_window=&#8221;on&#8221; button_text=&#8221;Empezar&#8221; _builder_version=&#8221;4.15&#8243; _module_preset=&#8221;default&#8221; header_font=&#8221;Exo|900|||||||&#8221; header_text_color=&#8221;#283890&#8243; header_font_size=&#8221;30px&#8221; header_line_height=&#8221;1.2em&#8221; body_font=&#8221;Asap Condensed|700|||||||&#8221; body_text_color=&#8221;#5d5d5d&#8221; body_letter_spacing=&#8221;1px&#8221; background_color=&#8221;#e2e2e2&#8243; custom_button=&#8221;on&#8221; button_text_color=&#8221;#FFFFFF&#8221; button_bg_color=&#8221;#fbb13c&#8221; button_border_width=&#8221;0px&#8221; button_border_radius=&#8221;30px&#8221; button_font=&#8221;Exo|800|||||||&#8221; link_option_url_new_window=&#8221;on&#8221; header_font_size_tablet=&#8221;30px&#8221; header_font_size_phone=&#8221;30px&#8221; header_font_size_last_edited=&#8221;on|desktop&#8221; border_radii=&#8221;on|50px|50px|50px|50px&#8221; global_colors_info=&#8221;{}&#8221;]<\/p>\n<p><span>Este entrenamiento est\u00e1 dise\u00f1ado para proveer informaci\u00f3n valiosa sobre los requisitos legales de los vendedores y empleados que venden productos de tabaco en Carolina del Norte. El entrenamiento puede ser seguido a su propio ritmo y se requiere de un quiz de certificaci\u00f3n corto al final del curso.<\/span><\/p>\n<p>[\/et_pb_cta][\/et_pb_column][et_pb_column type=&#8221;1_3&#8243; _builder_version=&#8221;4.15&#8243; _module_preset=&#8221;default&#8221; global_colors_info=&#8221;{}&#8221;][\/et_pb_column][\/et_pb_row][\/et_pb_section]<\/p>\n","protected":false},"excerpt":{"rendered":"<p>la carolina del nortePrograma de entrenamiento- Sobre nosotros -Este curso es presentado por el Divisi\u00f3n de Cumplimiento de la Ley de Alcohol de Carolina del Norte y el Departamento de Salud y Servicios Humanos de Carolina del Norte; Divisi\u00f3n de MH-DD-SAS, Secci\u00f3n de Bienestar Comunitario, Prevenci\u00f3n e Integraci\u00f3n de la Salud . Juntos, le agradecemos [&hellip;]<\/p>\n","protected":false},"author":1,"featured_media":0,"parent":0,"menu_order":0,"comment_status":"closed","ping_status":"closed","template":"","meta":{"_et_pb_use_builder":"on","_et_pb_old_content":"","_et_gb_content_width":"","footnotes":""},"class_list":["post-639","page","type-page","status-publish","hentry"],"_links":{"self":[{"href":"https:\/\/nctrainingonline.com\/es\/wp-json\/wp\/v2\/pages\/639","targetHints":{"allow":["GET"]}}],"collection":[{"href":"https:\/\/nctrainingonline.com\/es\/wp-json\/wp\/v2\/pages"}],"about":[{"href":"https:\/\/nctrainingonline.com\/es\/wp-json\/wp\/v2\/types\/page"}],"author":[{"embeddable":true,"href":"https:\/\/nctrainingonline.com\/es\/wp-json\/wp\/v2\/users\/1"}],"replies":[{"embeddable":true,"href":"https:\/\/nctrainingonline.com\/es\/wp-json\/wp\/v2\/comments?post=639"}],"version-history":[{"count":5,"href":"https:\/\/nctrainingonline.com\/es\/wp-json\/wp\/v2\/pages\/639\/revisions"}],"predecessor-version":[{"id":3119,"href":"https:\/\/nctrainingonline.com\/es\/wp-json\/wp\/v2\/pages\/639\/revisions\/3119"}],"wp:attachment":[{"href":"https:\/\/nctrainingonline.com\/es\/wp-json\/wp\/v2\/media?parent=639"}],"curies":[{"name":"wp","href":"https:\/\/api.w.org\/{rel}","templated":true}]}}