{"id":1857,"date":"2022-02-13T10:17:15","date_gmt":"2022-02-13T10:17:15","guid":{"rendered":"https:\/\/nctrainingonline.com\/registrarse\/"},"modified":"2022-02-13T10:17:15","modified_gmt":"2022-02-13T10:17:15","slug":"registrarse","status":"publish","type":"page","link":"https:\/\/nctrainingonline.com\/es\/registrarse\/","title":{"rendered":"Registrarse"},"content":{"rendered":"<script type=\"text\/javascript\">\n\/* <![CDATA[ *\/\nvar gform;gform||(document.addEventListener(\"gform_main_scripts_loaded\",function(){gform.scriptsLoaded=!0}),document.addEventListener(\"gform\/theme\/scripts_loaded\",function(){gform.themeScriptsLoaded=!0}),window.addEventListener(\"DOMContentLoaded\",function(){gform.domLoaded=!0}),gform={domLoaded:!1,scriptsLoaded:!1,themeScriptsLoaded:!1,isFormEditor:()=>\"function\"==typeof InitializeEditor,callIfLoaded:function(o){return!(!gform.domLoaded||!gform.scriptsLoaded||!gform.themeScriptsLoaded&&!gform.isFormEditor()||(gform.isFormEditor()&&console.warn(\"The use of gform.initializeOnLoaded() is deprecated in the form editor context and will be removed in Gravity Forms 3.1.\"),o(),0))},initializeOnLoaded:function(o){gform.callIfLoaded(o)||(document.addEventListener(\"gform_main_scripts_loaded\",()=>{gform.scriptsLoaded=!0,gform.callIfLoaded(o)}),document.addEventListener(\"gform\/theme\/scripts_loaded\",()=>{gform.themeScriptsLoaded=!0,gform.callIfLoaded(o)}),window.addEventListener(\"DOMContentLoaded\",()=>{gform.domLoaded=!0,gform.callIfLoaded(o)}))},hooks:{action:{},filter:{}},addAction:function(o,r,e,t){gform.addHook(\"action\",o,r,e,t)},addFilter:function(o,r,e,t){gform.addHook(\"filter\",o,r,e,t)},doAction:function(o){gform.doHook(\"action\",o,arguments)},applyFilters:function(o){return gform.doHook(\"filter\",o,arguments)},removeAction:function(o,r){gform.removeHook(\"action\",o,r)},removeFilter:function(o,r,e){gform.removeHook(\"filter\",o,r,e)},addHook:function(o,r,e,t,n){null==gform.hooks[o][r]&&(gform.hooks[o][r]=[]);var d=gform.hooks[o][r];null==n&&(n=r+\"_\"+d.length),gform.hooks[o][r].push({tag:n,callable:e,priority:t=null==t?10:t})},doHook:function(r,o,e){var t;if(e=Array.prototype.slice.call(e,1),null!=gform.hooks[r][o]&&((o=gform.hooks[r][o]).sort(function(o,r){return o.priority-r.priority}),o.forEach(function(o){\"function\"!=typeof(t=o.callable)&&(t=window[t]),\"action\"==r?t.apply(null,e):e[0]=t.apply(null,e)})),\"filter\"==r)return e[0]},removeHook:function(o,r,t,n){var e;null!=gform.hooks[o][r]&&(e=(e=gform.hooks[o][r]).filter(function(o,r,e){return!!(null!=n&&n!=o.tag||null!=t&&t!=o.priority)}),gform.hooks[o][r]=e)}});\n\/* ]]> *\/\n<\/script>\n\n                <div class='gf_browser_gecko gform_wrapper gravity-theme gform-theme--no-framework' data-form-theme='gravity-theme' data-form-index='0' id='gform_wrapper_20' >\n                        <div class='gform_heading'>\n                            <h2 class=\"gform_title\">Inscripci\u00f3n en l\u00ednea para la formaci\u00f3n de minoristas de tabaco de Carolina del Norte<\/h2>\n                            <p class='gform_description'><\/p>\n                        <\/div><form method='post' enctype='multipart\/form-data'  id='gform_20'  action='\/es\/wp-json\/wp\/v2\/pages\/1857' data-formid='20' novalidate>\n                        <div class='gform-body gform_body'><div id='gform_fields_20' class='gform_fields top_label form_sublabel_below description_below validation_below'><div id=\"field_20_12\" class=\"gfield gfield--type-honeypot gform_validation_container field_sublabel_below gfield--has-description field_description_below field_validation_below gfield_visibility_visible\"  ><label class='gfield_label gform-field-label' for='input_20_12'>Phone<\/label><div class='ginput_container'><input name='input_12' id='input_20_12' type='text' value='' autocomplete='new-password'\/><\/div><div class='gfield_description' id='gfield_description_20_12'>Este campo es un campo de validaci\u00f3n y debe quedar sin cambios.<\/div><\/div><fieldset id=\"field_20_1\" class=\"gfield gfield--type-email gfield_contains_required field_sublabel_below gfield--no-description field_description_below field_validation_below gfield_visibility_visible\"  ><legend class='gfield_label gform-field-label gfield_label_before_complex' >Direcci\u00f3n de correo electr\u00f3nico<span class=\"gfield_required\"><span class=\"gfield_required gfield_required_text\">(Obligatorio)<\/span><\/span><\/legend><div class='ginput_complex ginput_container ginput_container_email gform-grid-row' id='input_20_1_container'>\n                                <span id='input_20_1_1_container' class='ginput_left gform-grid-col gform-grid-col--size-auto'>\n                                    <input class='' type='email' name='input_1' id='input_20_1' value=''    aria-required=\"true\" aria-invalid=\"false\"  \/>\n                                    <label for='input_20_1' class='gform-field-label gform-field-label--type-sub '>Introduce un email<\/label>\n                                <\/span>\n                                <span id='input_20_1_2_container' class='ginput_right gform-grid-col gform-grid-col--size-auto'>\n                                    <input class='' type='email' name='input_1_2' id='input_20_1_2' value=''    aria-required=\"true\" aria-invalid=\"false\"  \/>\n                                    <label for='input_20_1_2' class='gform-field-label gform-field-label--type-sub '>Confirmar email<\/label>\n                                <\/span>\n                                <div class='gf_clear gf_clear_complex'><\/div>\n                            <\/div><\/fieldset><fieldset id=\"field_20_3\" class=\"gfield gfield--type-password gfield--width-full gfield_contains_required field_sublabel_below gfield--no-description field_description_below field_validation_below gfield_visibility_visible\"  ><legend class='gfield_label gform-field-label gfield_label_before_complex' >Contrase\u00f1a<span class=\"gfield_required\"><span class=\"gfield_required gfield_required_text\">(Obligatorio)<\/span><\/span><\/legend><div class='ginput_complex ginput_container ginput_container_password gform-grid-row' id='input_20_3_container'>\n\t\t\t\t\t\t<span id='input_20_3_1_container' class='ginput_password ginput_left gform-grid-col gform-grid-col--size-auto'>\n\t\t\t\t\t\t\t<span class='password_input_container'>\n\t\t\t\t\t\t\t<input type='password' name='input_3' id='input_20_3' onkeyup='gformShowPasswordStrength(\"input_20_3\");' onchange='gformShowPasswordStrength(\"input_20_3\");' aria-describedby=\"input_20_3_strength_indicator\" value=''   aria-required=\"true\" aria-invalid=\"false\" \/>\n\t\t\t\t\t\t\t<button type='button' class='gform_show_password gform-theme-button gform-theme-button--simple' onclick='javascript:gformToggleShowPassword(\"input_20_3\");' aria-live='polite' aria-label='Mostrar contrase\u00f1a' data-label-show='Mostrar contrase\u00f1a' data-label-hide='Ocultar contrase\u00f1a'><span class='dashicons dashicons-hidden' aria-hidden='true'><\/span><\/button>\n\t\t\t\t\t\t\t<\/span>\n\t\t\t\t\t\t\t<label for='input_20_3' class='gform-field-label gform-field-label--type-sub '>Introduce la constrase\u00f1a<\/label>\n\t\t\t\t\t\t<\/span>\n\t\t\t\t\t\t<span id='input_20_3_2_container' class='ginput_password ginput_right gform-grid-col gform-grid-col--size-auto'>\n\t\t\t\t\t\t\t<span class='password_input_container'>\n\t\t\t\t\t\t\t<input type='password' name='input_3_2' id='input_20_3_2' onkeyup='gformShowPasswordStrength(\"input_20_3\");' onchange='gformShowPasswordStrength(\"input_20_3\");' value=''   aria-required=\"true\" aria-invalid=\"false\" \/>\n\t\t\t\t\t\t\t<button type='button' class='gform_show_password gform-theme-button gform-theme-button--simple' onclick='javascript:gformToggleShowPassword(\"input_20_3_2\");' aria-live='polite' aria-label='Mostrar contrase\u00f1a' data-label-show='Mostrar contrase\u00f1a' data-label-hide='Ocultar contrase\u00f1a'><span class='dashicons dashicons-hidden' aria-hidden='true'><\/span><\/button>\n\t\t\t\t\t\t\t<\/span>\n\t\t\t\t\t\t\t<label for='input_20_3_2' class='gform-field-label gform-field-label--type-sub '>Confirmar contrase\u00f1a<\/label>\n\t\t\t\t\t\t<\/span>\n\t\t\t\t\t\t<div class='gf_clear gf_clear_complex'><\/div>\n\t\t\t\t\t<\/div><div id='input_20_3_strength_indicator' class='gfield_password_strength'  aria-live='assertive' aria-atomic='true'>\n\t\t\t\t\t\t\t\t\t\t\t\t\t\t\t\t\t\t\tIndicador de fortaleza\n\t\t\t\t\t\t\t\t\t\t\t\t\t\t\t\t\t\t<\/div>\n\t\t\t\t\t\t\t\t\t\t\t\t\t\t\t\t\t\t<input type='hidden' class='gform_hidden' id='input_20_3_strength' name='input_3_strength' \/><\/fieldset><div id=\"field_20_4\" class=\"gfield gfield--type-html gfield--width-full gfield_html gfield_html_formatted gfield_no_follows_desc field_sublabel_below gfield--no-description field_description_below field_validation_below gfield_visibility_visible\"  >Rellene todos los campos de forma completa.<\/div><fieldset id=\"field_20_5\" class=\"gfield gfield--type-name gfield--width-full gfield_contains_required field_sublabel_below gfield--no-description field_description_below field_validation_below gfield_visibility_visible\"  ><legend class='gfield_label gform-field-label gfield_label_before_complex' >Nombre completo<span class=\"gfield_required\"><span class=\"gfield_required gfield_required_text\">(Obligatorio)<\/span><\/span><\/legend><div class='ginput_complex ginput_container ginput_container--name no_prefix has_first_name no_middle_name has_last_name no_suffix gf_name_has_2 ginput_container_name gform-grid-row' id='input_20_5'>\n                            \n                            <span id='input_20_5_3_container' class='name_first gform-grid-col gform-grid-col--size-auto' >\n                                                    <input type='text' name='input_5.3' id='input_20_5_3' value=''   aria-required='true'     \/>\n                                                    <label for='input_20_5_3' class='gform-field-label gform-field-label--type-sub '>Nombre<\/label>\n                                                <\/span>\n                            \n                            <span id='input_20_5_6_container' class='name_last gform-grid-col gform-grid-col--size-auto' >\n                                                    <input type='text' name='input_5.6' id='input_20_5_6' value=''   aria-required='true'     \/>\n                                                    <label for='input_20_5_6' class='gform-field-label gform-field-label--type-sub '>Apellidos<\/label>\n                                                <\/span>\n                            \n                        <\/div><\/fieldset><div id=\"field_20_6\" class=\"gfield gfield--type-phone gfield--width-full gfield_contains_required field_sublabel_below gfield--no-description field_description_below field_validation_below gfield_visibility_visible\"  ><label class='gfield_label gform-field-label' for='input_20_6'>\u00bfCu\u00e1l es su n\u00famero de tel\u00e9fono de contacto?<span class=\"gfield_required\"><span class=\"gfield_required gfield_required_text\">(Obligatorio)<\/span><\/span><\/label><div class='ginput_container ginput_container_phone'><input name='input_6' id='input_20_6' type='tel' value='' class='large'   aria-required=\"true\" aria-invalid=\"false\"   \/><\/div><\/div><div id=\"field_20_7\" class=\"gfield gfield--type-text gfield--width-full gfield_contains_required field_sublabel_below gfield--no-description field_description_below field_validation_below gfield_visibility_visible\"  ><label class='gfield_label gform-field-label' for='input_20_7'>\u00bfCu\u00e1l es su cargo?<span class=\"gfield_required\"><span class=\"gfield_required gfield_required_text\">(Obligatorio)<\/span><\/span><\/label><div class='ginput_container ginput_container_text'><input name='input_7' id='input_20_7' type='text' value='' class='large'     aria-required=\"true\" aria-invalid=\"false\"   \/><\/div><\/div><div id=\"field_20_9\" class=\"gfield gfield--type-html gfield--width-full gfield_html gfield_html_formatted gfield_no_follows_desc field_sublabel_below gfield--no-description field_description_below field_validation_below gfield_visibility_visible\"  ><\/div><div id=\"field_20_8\" class=\"gfield gfield--type-text gfield--width-full gfield_contains_required field_sublabel_below gfield--no-description field_description_below field_validation_below gfield_visibility_visible\"  ><label class='gfield_label gform-field-label' for='input_20_8'>Nombre de la tienda o empresa para la que trabaja<span class=\"gfield_required\"><span class=\"gfield_required gfield_required_text\">(Obligatorio)<\/span><\/span><\/label><div class='ginput_container ginput_container_text'><input name='input_8' id='input_20_8' type='text' value='' class='large'     aria-required=\"true\" aria-invalid=\"false\"   \/><\/div><\/div><fieldset id=\"field_20_10\" class=\"gfield gfield--type-address gfield--width-full gfield_contains_required field_sublabel_below gfield--no-description field_description_below field_validation_below gfield_visibility_visible\"  ><legend class='gfield_label gform-field-label gfield_label_before_complex' >\u00bfCu\u00e1l es la direcci\u00f3n de la tienda o empresa para la que trabaja?<span class=\"gfield_required\"><span class=\"gfield_required gfield_required_text\">(Obligatorio)<\/span><\/span><\/legend>    \n                    <div class='ginput_complex ginput_container has_street has_city has_state has_zip ginput_container_address gform-grid-row' id='input_20_10' >\n                         <span class='ginput_full address_line_1 ginput_address_line_1 gform-grid-col' id='input_20_10_1_container' >\n                                        <input type='text' name='input_10.1' id='input_20_10_1' value=''    aria-required='true'    \/>\n                                        <label for='input_20_10_1' id='input_20_10_1_label' class='gform-field-label gform-field-label--type-sub '>Direcci\u00f3n<\/label>\n                                    <\/span><span class='ginput_left address_city ginput_address_city gform-grid-col' id='input_20_10_3_container' >\n                                    <input type='text' name='input_10.3' id='input_20_10_3' value=''    aria-required='true'    \/>\n                                    <label for='input_20_10_3' id='input_20_10_3_label' class='gform-field-label gform-field-label--type-sub '>Ciudad<\/label>\n                                 <\/span><span class='ginput_right address_state ginput_address_state gform-grid-col' id='input_20_10_4_container' >\n                                        <select name='input_10.4' id='input_20_10_4'     aria-required='true'    ><option value='' selected='selected'><\/option><option value='Alabama' >Alabama<\/option><option value='Alaska' >Alaska<\/option><option value='Samoa Americana' >Samoa Americana<\/option><option value='Arizona' >Arizona<\/option><option value='Arkansas' >Arkansas<\/option><option value='California' >California<\/option><option value='Colorado' >Colorado<\/option><option value='Connecticut' >Connecticut<\/option><option value='Delaware' >Delaware<\/option><option value='District of Columbia' >District of Columbia<\/option><option value='Florida' >Florida<\/option><option value='Georgia' >Georgia<\/option><option value='Guam' >Guam<\/option><option value='Hawaii' >Hawaii<\/option><option value='Idaho' >Idaho<\/option><option value='Illinois' >Illinois<\/option><option value='Indiana' >Indiana<\/option><option value='Iowa' >Iowa<\/option><option value='Kansas' >Kansas<\/option><option value='Kentucky' >Kentucky<\/option><option value='Louisiana' >Louisiana<\/option><option value='Maine' >Maine<\/option><option value='Maryland' >Maryland<\/option><option value='Massachusetts' >Massachusetts<\/option><option value='Michigan' >Michigan<\/option><option value='Minnesota' >Minnesota<\/option><option value='Mississippi' >Mississippi<\/option><option value='Missouri' >Missouri<\/option><option value='Montana' >Montana<\/option><option value='Nebraska' >Nebraska<\/option><option value='Nevada' >Nevada<\/option><option value='New Hampshire' >New Hampshire<\/option><option value='New Jersey' >New Jersey<\/option><option value='New Mexico' >New Mexico<\/option><option value='New York' >New York<\/option><option value='North Carolina' >North Carolina<\/option><option value='North Dakota' >North Dakota<\/option><option value='Islas Marianas del Norte' >Islas Marianas del Norte<\/option><option value='Ohio' >Ohio<\/option><option value='Oklahoma' >Oklahoma<\/option><option value='Oregon' >Oregon<\/option><option value='Pennsylvania' >Pennsylvania<\/option><option value='Puerto Rico' >Puerto Rico<\/option><option value='Rhode Island' >Rhode Island<\/option><option value='South Carolina' >South Carolina<\/option><option value='South Dakota' >South Dakota<\/option><option value='Tennessee' >Tennessee<\/option><option value='Texas' >Texas<\/option><option value='Utah' >Utah<\/option><option value='Islas V\u00edrgenes de los Estados Unidos' >Islas V\u00edrgenes de los Estados Unidos<\/option><option value='Vermont' >Vermont<\/option><option value='Virginia' >Virginia<\/option><option value='Washington' >Washington<\/option><option value='West Virginia' >West Virginia<\/option><option value='Wisconsin' >Wisconsin<\/option><option value='Wyoming' >Wyoming<\/option><option value='Armed Forces Americas' >Armed Forces Americas<\/option><option value='Armed Forces Europe' >Armed Forces Europe<\/option><option value='Armed Forces Pacific' >Armed Forces Pacific<\/option><\/select>\n                                        <label for='input_20_10_4' id='input_20_10_4_label' class='gform-field-label gform-field-label--type-sub '>Provincia<\/label>\n                                      <\/span><span class='ginput_left address_zip ginput_address_zip gform-grid-col' id='input_20_10_5_container' >\n                                    <input type='text' name='input_10.5' id='input_20_10_5' value=''    aria-required='true'    \/>\n                                    <label for='input_20_10_5' id='input_20_10_5_label' class='gform-field-label gform-field-label--type-sub '>C\u00f3digo Postal<\/label>\n                                <\/span><input type='hidden' class='gform_hidden' name='input_10.6' id='input_20_10_6' value='United States' \/>\n                    <div class='gf_clear gf_clear_complex'><\/div>\n                <\/div><\/fieldset><div id=\"field_20_11\" class=\"gfield gfield--type-html gfield--width-full gfield_html gfield_html_formatted gfield_no_follows_desc field_sublabel_below gfield--no-description field_description_below field_validation_below gfield_visibility_visible\"  ><strong>Tenga en cuenta que se le redirigir\u00e1 al esquema del curso tan pronto como haga clic en el bot\u00f3n Enviar.<\/strong><\/div><\/div><\/div>\n        <div class='gform-footer gform_footer top_label'> <input type='submit' id='gform_submit_button_20' class='gform_button button' onclick='gform.submission.handleButtonClick(this);' data-submission-type='submit' value='Enviar'  \/> \n            <input type='hidden' class='gform_hidden' name='gform_submission_method' data-js='gform_submission_method_20' value='postback' \/>\n            <input type='hidden' class='gform_hidden' name='gform_theme' data-js='gform_theme_20' id='gform_theme_20' value='gravity-theme' \/>\n            <input type='hidden' class='gform_hidden' name='gform_style_settings' data-js='gform_style_settings_20' id='gform_style_settings_20' value='[]' \/>\n            <input type='hidden' class='gform_hidden' name='is_submit_20' value='1' \/>\n            <input type='hidden' class='gform_hidden' name='gform_submit' value='20' \/>\n            \n            <input type='hidden' class='gform_hidden' name='gform_currency' data-currency='USD' value='hRD8bg1X37oyZzzIMDTqT92JILirT+0lUMOZ0M\/jfv8DcPHTDwiiAAATBRKKp6DxA2zxyqAbIZRHNoyKl\/SVZFhXUfgyuTYbdgO+lQvRbB\/5poQ=' \/>\n            <input type='hidden' class='gform_hidden' name='gform_unique_id' value='' \/>\n            <input type='hidden' class='gform_hidden' name='state_20' value='WyJbXSIsIjgyZDQzNDY3MzE1N2U0ZGIwOWQzMzY0ODU4OGRkODhiIl0=' \/>\n            <input type='hidden' autocomplete='off' class='gform_hidden' name='gform_target_page_number_20' id='gform_target_page_number_20' value='0' \/>\n            <input type='hidden' autocomplete='off' class='gform_hidden' name='gform_source_page_number_20' id='gform_source_page_number_20' value='1' \/>\n            <input type='hidden' name='gform_field_values' value='' \/>\n            \n        <\/div>\n                        <input type=\"hidden\" id=\"ct_checkjs_3def184ad8f4755ff269862ea77393dd\" name=\"ct_checkjs\" value=\"0\" \/><\/form>\n                        <\/div><script type=\"text\/javascript\">\n\/* <![CDATA[ *\/\n gform.initializeOnLoaded( function() {gformInitSpinner( 20, 'https:\/\/nctrainingonline.com\/wp-content\/plugins\/gravityforms\/images\/spinner.svg', true );jQuery('#gform_ajax_frame_20').on('load',function(){var contents = jQuery(this).contents().find('*').html();var is_postback = contents.indexOf('GF_AJAX_POSTBACK') >= 0;if(!is_postback){return;}var form_content = jQuery(this).contents().find('#gform_wrapper_20');var is_confirmation = jQuery(this).contents().find('#gform_confirmation_wrapper_20').length > 0;var is_redirect = contents.indexOf('gformRedirect(){') >= 0;var is_form = form_content.length > 0 && ! is_redirect && ! is_confirmation;var mt = parseInt(jQuery('html').css('margin-top'), 10) + parseInt(jQuery('body').css('margin-top'), 10) + 100;if(is_form){jQuery('#gform_wrapper_20').html(form_content.html());if(form_content.hasClass('gform_validation_error')){jQuery('#gform_wrapper_20').addClass('gform_validation_error');} else {jQuery('#gform_wrapper_20').removeClass('gform_validation_error');}setTimeout( function() { \/* delay the scroll by 50 milliseconds to fix a bug in chrome *\/  }, 50 );if(window['gformInitDatepicker']) {gformInitDatepicker();}if(window['gformInitPriceFields']) {gformInitPriceFields();}var current_page = jQuery('#gform_source_page_number_20').val();gformInitSpinner( 20, 'https:\/\/nctrainingonline.com\/wp-content\/plugins\/gravityforms\/images\/spinner.svg', true );jQuery(document).trigger('gform_page_loaded', [20, current_page]);window['gf_submitting_20'] = false;}else if(!is_redirect){var confirmation_content = jQuery(this).contents().find('.GF_AJAX_POSTBACK').html();if(!confirmation_content){confirmation_content = contents;}jQuery('#gform_wrapper_20').replaceWith(confirmation_content);jQuery(document).trigger('gform_confirmation_loaded', [20]);window['gf_submitting_20'] = false;wp.a11y.speak(jQuery('#gform_confirmation_message_20').text());}else{jQuery('#gform_20').append(contents);if(window['gformRedirect']) {gformRedirect();}}jQuery(document).trigger(\"gform_pre_post_render\", [{ formId: \"20\", currentPage: \"current_page\", abort: function() { this.preventDefault(); } }]);        if (event && event.defaultPrevented) {                return;        }        const gformWrapperDiv = document.getElementById( \"gform_wrapper_20\" );        if ( gformWrapperDiv ) {            const visibilitySpan = document.createElement( \"span\" );            visibilitySpan.id = \"gform_visibility_test_20\";            gformWrapperDiv.insertAdjacentElement( \"afterend\", visibilitySpan );        }        const visibilityTestDiv = document.getElementById( \"gform_visibility_test_20\" );        let postRenderFired = false;        function triggerPostRender() {            if ( postRenderFired ) {                return;            }            postRenderFired = true;            gform.core.triggerPostRenderEvents( 20, current_page );            if ( visibilityTestDiv ) {                visibilityTestDiv.parentNode.removeChild( visibilityTestDiv );            }        }        function debounce( func, wait, immediate ) {            var timeout;            return function() {                var context = this, args = arguments;                var later = function() {                    timeout = null;                    if ( !immediate ) func.apply( context, args );                };                var callNow = immediate && !timeout;                clearTimeout( timeout );                timeout = setTimeout( later, wait );                if ( callNow ) func.apply( context, args );            };        }        const debouncedTriggerPostRender = debounce( function() {            triggerPostRender();        }, 200 );        if ( visibilityTestDiv && visibilityTestDiv.offsetParent === null ) {            const observer = new MutationObserver( ( mutations ) => {                mutations.forEach( ( mutation ) => {                    if ( mutation.type === 'attributes' && visibilityTestDiv.offsetParent !== null ) {                        debouncedTriggerPostRender();                        observer.disconnect();                    }                });            });            observer.observe( document.body, {                attributes: true,                childList: false,                subtree: true,                attributeFilter: [ 'style', 'class' ],            });        } else {            triggerPostRender();        }    } );} ); \n\/* ]]> *\/\n<\/script>\n\n","protected":false},"excerpt":{"rendered":"","protected":false},"author":1,"featured_media":0,"parent":0,"menu_order":0,"comment_status":"closed","ping_status":"closed","template":"","meta":{"_et_pb_use_builder":"","_et_pb_old_content":"","_et_gb_content_width":"","footnotes":""},"class_list":["post-1857","page","type-page","status-publish","hentry"],"_links":{"self":[{"href":"https:\/\/nctrainingonline.com\/es\/wp-json\/wp\/v2\/pages\/1857","targetHints":{"allow":["GET"]}}],"collection":[{"href":"https:\/\/nctrainingonline.com\/es\/wp-json\/wp\/v2\/pages"}],"about":[{"href":"https:\/\/nctrainingonline.com\/es\/wp-json\/wp\/v2\/types\/page"}],"author":[{"embeddable":true,"href":"https:\/\/nctrainingonline.com\/es\/wp-json\/wp\/v2\/users\/1"}],"replies":[{"embeddable":true,"href":"https:\/\/nctrainingonline.com\/es\/wp-json\/wp\/v2\/comments?post=1857"}],"version-history":[{"count":0,"href":"https:\/\/nctrainingonline.com\/es\/wp-json\/wp\/v2\/pages\/1857\/revisions"}],"wp:attachment":[{"href":"https:\/\/nctrainingonline.com\/es\/wp-json\/wp\/v2\/media?parent=1857"}],"curies":[{"name":"wp","href":"https:\/\/api.w.org\/{rel}","templated":true}]}}